{"id":461,"date":"2023-10-05T19:02:31","date_gmt":"2023-10-05T17:02:31","guid":{"rendered":"https:\/\/coifmaq.com\/?page_id=461"},"modified":"2025-01-12T09:20:41","modified_gmt":"2025-01-12T08:20:41","slug":"formulaire-coifmaq","status":"publish","type":"page","link":"https:\/\/coifmaq.com\/?page_id=461","title":{"rendered":"Formulaire &#8211; Coifmaq"},"content":{"rendered":"\t\t<div data-elementor-type=\"wp-page\" data-elementor-id=\"461\" class=\"elementor elementor-461\">\n\t\t\t\t\t\t<section class=\"elementor-section elementor-top-section elementor-element elementor-element-10adb0e elementor-section-boxed elementor-section-height-default elementor-section-height-default wpr-particle-no wpr-jarallax-no wpr-parallax-no wpr-sticky-section-no wpr-equal-height-no\" data-id=\"10adb0e\" data-element_type=\"section\" data-e-type=\"section\">\n\t\t\t\t\t\t<div class=\"elementor-container elementor-column-gap-default\">\n\t\t\t\t\t<div class=\"elementor-column elementor-col-100 elementor-top-column elementor-element elementor-element-f50c580\" data-id=\"f50c580\" data-element_type=\"column\" data-e-type=\"column\">\n\t\t\t<div class=\"elementor-widget-wrap elementor-element-populated\">\n\t\t\t\t\t\t<div class=\"elementor-element elementor-element-4b55433 elementor-widget__width-initial elementor-widget-tablet__width-initial elementor-widget-mobile__width-initial elementor-widget elementor-widget-image\" data-id=\"4b55433\" data-element_type=\"widget\" data-e-type=\"widget\" data-widget_type=\"image.default\">\n\t\t\t\t<div class=\"elementor-widget-container\">\n\t\t\t\t\t\t\t\t\t\t\t\t\t\t\t<img fetchpriority=\"high\" decoding=\"async\" width=\"512\" height=\"512\" src=\"https:\/\/coifmaq.com\/wp-content\/uploads\/2023\/07\/cropped-CoifMaq-Logo.webp?v=1696479438\" class=\"attachment-large size-large wp-image-260\" alt=\"\" srcset=\"https:\/\/coifmaq.com\/wp-content\/uploads\/2023\/07\/cropped-CoifMaq-Logo.webp?v=1696479438 512w, https:\/\/coifmaq.com\/wp-content\/uploads\/2023\/07\/cropped-CoifMaq-Logo-300x300.webp?v=1696479438 300w, https:\/\/coifmaq.com\/wp-content\/uploads\/2023\/07\/cropped-CoifMaq-Logo-150x150.webp?v=1696479438 150w\" sizes=\"(max-width: 512px) 100vw, 512px\" \/>\t\t\t\t\t\t\t\t\t\t\t\t\t\t\t<\/div>\n\t\t\t\t<\/div>\n\t\t\t\t<div class=\"elementor-element elementor-element-ff81365 elementor-widget elementor-widget-wpforms\" data-id=\"ff81365\" data-element_type=\"widget\" data-e-type=\"widget\" data-settings=\"{&quot;_animation&quot;:&quot;none&quot;}\" data-widget_type=\"wpforms.default\">\n\t\t\t\t<div class=\"elementor-widget-container\">\n\t\t\t\t\t<style id=\"wpforms-css-vars-elementor-widget-ff81365\">\n\t\t\t\t.elementor-widget-wpforms.elementor-element-ff81365 {\n\t\t\t\t--wpforms-field-border-radius: 9px;\n--wpforms-label-color: #FFFFFFD9;\n--wpforms-label-sublabel-color: #FFFFFF8C;\n--wpforms-label-error-color: #FF6768;\n--wpforms-button-border-radius: 34px;\n--wpforms-button-background-color: #9FEDD7;\n--wpforms-button-text-color: #000000;\n--wpforms-button-size-font-size: 20px;\n--wpforms-button-size-height: 48px;\n--wpforms-button-size-padding-h: 20px;\n--wpforms-button-size-margin-top: 15px;\n\t\t\t}\n\t\t\t<\/style><div class=\"wpforms-container wpforms-container-full wpforms-render-modern\" id=\"wpforms-457\"><form id=\"wpforms-form-457\" class=\"wpforms-validate wpforms-form wpforms-ajax-form\" data-formid=\"457\" method=\"post\" enctype=\"multipart\/form-data\" action=\"\/index.php?rest_route=%2Fwp%2Fv2%2Fpages%2F461\" data-token=\"761230235525cd96b5403cca56b7fc81\" data-token-time=\"1777674681\"><div class=\"wpforms-head-container\"><div class=\"wpforms-title\">Prenez contact avec Coifmaq !<\/div><\/div><noscript class=\"wpforms-error-noscript\">Veuillez activer JavaScript dans votre navigateur pour remplir ce formulaire.<\/noscript><div id=\"wpforms-error-noscript\" style=\"display: none;\">Veuillez activer JavaScript dans votre navigateur pour remplir ce formulaire.<\/div><div class=\"wpforms-field-container\"><div id=\"wpforms-457-field_3-container\" class=\"wpforms-field wpforms-field-text\" data-field-id=\"3\"><label class=\"wpforms-field-label\" for=\"wpforms-457-field_3\">Quel serait votre demande ? <span class=\"wpforms-required-label\" aria-hidden=\"true\">*<\/span><\/label><input type=\"text\" id=\"wpforms-457-field_3\" class=\"wpforms-field-medium wpforms-field-required\" name=\"wpforms[fields][3]\" aria-errormessage=\"wpforms-457-field_3-error\" aria-describedby=\"wpforms-457-field_3-description\" required><div id=\"wpforms-457-field_3-description\" class=\"wpforms-field-description\">D\u00e9crivez ce dont vous avez besoin, pour quel occasion.... Laissez libre court \u00e0 votre imagination!<\/div><\/div><div id=\"wpforms-457-field_4-container\" class=\"wpforms-field wpforms-field-name\" data-field-id=\"4\"><fieldset><legend class=\"wpforms-field-label\">Quel est votre pr\u00e9nom et nom ? <span class=\"wpforms-required-label\" aria-hidden=\"true\">*<\/span><\/legend><div class=\"wpforms-field-row wpforms-field-medium\"><div class=\"wpforms-field-row-block wpforms-first wpforms-one-half\"><input type=\"text\" id=\"wpforms-457-field_4\" class=\"wpforms-field-name-first wpforms-field-required\" name=\"wpforms[fields][4][first]\" aria-errormessage=\"wpforms-457-field_4-error\" aria-describedby=\"wpforms-457-field_4-description\" required><label for=\"wpforms-457-field_4\" class=\"wpforms-field-sublabel after\">Pr\u00e9nom<\/label><\/div><div class=\"wpforms-field-row-block wpforms-one-half\"><input type=\"text\" id=\"wpforms-457-field_4-last\" class=\"wpforms-field-name-last wpforms-field-required\" name=\"wpforms[fields][4][last]\" aria-errormessage=\"wpforms-457-field_4-last-error\" aria-describedby=\"wpforms-457-field_4-description\" required><label for=\"wpforms-457-field_4-last\" class=\"wpforms-field-sublabel after\">Nom<\/label><\/div><\/div><div id=\"wpforms-457-field_4-description\" class=\"wpforms-field-description\">Il faut bien savoir \u00e0 qui je parle, nous sommes tous les deux humains au bout du compte...<\/div><\/fieldset><\/div><div id=\"wpforms-457-field_5-container\" class=\"wpforms-field wpforms-field-email\" data-field-id=\"5\"><label class=\"wpforms-field-label\" for=\"wpforms-457-field_5\">Quelle est votre plus belle adresse email ? <span class=\"wpforms-required-label\" aria-hidden=\"true\">*<\/span><\/label><input type=\"email\" id=\"wpforms-457-field_5\" class=\"wpforms-field-medium wpforms-field-required\" name=\"wpforms[fields][5]\" spellcheck=\"false\" aria-errormessage=\"wpforms-457-field_5-error\" aria-describedby=\"wpforms-457-field_5-description\" required><div id=\"wpforms-457-field_5-description\" class=\"wpforms-field-description\">Pour pouvoir recevoir votre demmande et vous renvoyer une r\u00e9ponse \ud83d\ude09<\/div><\/div><\/div><!-- .wpforms-field-container --><div class=\"wpforms-submit-container\" ><input type=\"hidden\" name=\"wpforms[id]\" value=\"457\"><input type=\"hidden\" name=\"page_title\" value=\"\"><input type=\"hidden\" name=\"page_url\" value=\"https:\/\/coifmaq.com\/index.php?rest_route=\/wp\/v2\/pages\/461\"><input type=\"hidden\" name=\"url_referer\" value=\"\"><button type=\"submit\" name=\"wpforms[submit]\" id=\"wpforms-submit-457\" class=\"wpforms-submit\" data-alt-text=\"Envoi en cours...\" data-submit-text=\"Envoyer votre demande \" aria-live=\"assertive\" value=\"wpforms-submit\">Envoyer votre demande <\/button><img decoding=\"async\" src=\"https:\/\/coifmaq.com\/wp-content\/plugins\/wpforms-lite\/assets\/images\/submit-spin.svg\" class=\"wpforms-submit-spinner\" style=\"display: none;\" width=\"26\" height=\"26\" alt=\"Chargement en cours\"><\/div><\/form><\/div>  <!-- .wpforms-container -->\t\t\t\t<\/div>\n\t\t\t\t<\/div>\n\t\t\t\t\t<\/div>\n\t\t<\/div>\n\t\t\t\t\t<\/div>\n\t\t<\/section>\n\t\t\t\t<\/div>\n\t\t","protected":false},"excerpt":{"rendered":"<p>Prenez contact avec Coifmaq !Veuillez activer JavaScript dans votre navigateur pour remplir ce formulaire.Veuillez activer JavaScript dans votre navigateur pour remplir ce formulaire.Quel serait votre demande ? *D\u00e9crivez ce dont vous avez besoin, pour quel occasion&#8230;. Laissez libre court \u00e0 votre imagination! Quel est votre pr\u00e9nom et nom ? * Pr\u00e9nomNomIl faut bien savoir \u00e0 qui je parle, nous sommes tous les deux humains au bout du compte&#8230; Quelle est votre plus belle adresse email ? *Pour pouvoir recevoir votre demmande et vous renvoyer une r\u00e9ponse \ud83d\ude09 Envoyer votre demande<\/p>\n","protected":false},"author":1,"featured_media":0,"parent":0,"menu_order":0,"comment_status":"closed","ping_status":"closed","template":"","meta":{"footnotes":""},"class_list":["post-461","page","type-page","status-publish","hentry"],"aioseo_notices":[],"_links":{"self":[{"href":"https:\/\/coifmaq.com\/index.php?rest_route=\/wp\/v2\/pages\/461","targetHints":{"allow":["GET"]}}],"collection":[{"href":"https:\/\/coifmaq.com\/index.php?rest_route=\/wp\/v2\/pages"}],"about":[{"href":"https:\/\/coifmaq.com\/index.php?rest_route=\/wp\/v2\/types\/page"}],"author":[{"embeddable":true,"href":"https:\/\/coifmaq.com\/index.php?rest_route=\/wp\/v2\/users\/1"}],"replies":[{"embeddable":true,"href":"https:\/\/coifmaq.com\/index.php?rest_route=%2Fwp%2Fv2%2Fcomments&post=461"}],"version-history":[{"count":23,"href":"https:\/\/coifmaq.com\/index.php?rest_route=\/wp\/v2\/pages\/461\/revisions"}],"predecessor-version":[{"id":523,"href":"https:\/\/coifmaq.com\/index.php?rest_route=\/wp\/v2\/pages\/461\/revisions\/523"}],"wp:attachment":[{"href":"https:\/\/coifmaq.com\/index.php?rest_route=%2Fwp%2Fv2%2Fmedia&parent=461"}],"curies":[{"name":"wp","href":"https:\/\/api.w.org\/{rel}","templated":true}]}}